{"id":195,"date":"2016-07-05T21:41:18","date_gmt":"2016-07-05T21:41:18","guid":{"rendered":"http:\/\/recover.wplab.pro\/?page_id=195"},"modified":"2022-10-24T09:55:29","modified_gmt":"2022-10-24T09:55:29","slug":"distributions","status":"publish","type":"page","link":"https:\/\/www.ingenut.es\/en\/distributions\/","title":{"rendered":"Distributions"},"content":{"rendered":"<div id=\"shortcode-23bd3201071bc7b0a8fe554aecfd0425\" class=\"fw-main-row default\" >\n\t<div class=\"container\">\n\t\t\n<div class=\"fw-row\">\n\t<div class=\"fw-col-xs-12 layout-col\" id=\"shortcode-a8e95655f5529a39172daa2af94840e2\">\n\t\n\t<div class=\"fw-divider-space\" style=\"padding-top: 50px;\"><\/div>\n<h1 id=\"shortcode-309a1afb19ab7eebea2be5f9e0f3f5c9\" class=\"\" >Distributions<\/h1><h2 id=\"shortcode-3f6c8f5a33e236d9b82754e57e7988ca\" class=\"\" >Partnerships with market-leading brands. Distributions and representations.<\/h2>\n\t<div class=\"fw-divider-space\" style=\"padding-top: 25px;\"><\/div>\n\r\n<div class=\"partners-clients\">\r\n\t\t<div class=\"item\">\r\n\t\t\t\t<div class=\"logo\">\r\n\t\t\t<img decoding=\"async\" src=\"\/\/www.ingenut.es\/en\/wp-content\/uploads\/2016\/07\/ADFOOD-95.png\" data-at2x=\"\/\/www.ingenut.es\/en\/wp-content\/uploads\/2016\/07\/ADFOOD-95.png\" alt=\"\" \/>\r\n\t\t<\/div>\r\n\t\t<div class=\"text\">\r\n\t\t\t<h4>ADFOOD S.A.<\/h4>\r\n\t\t\t<div class=\"desc\">\r\n\t\t\t\tPlant design and manufacture of machinery for the food industry\t\t\t<\/div>\r\n\t\t\t<div class=\"url\">\r\n\t\t\t\t<a rel=\"nofollow\" target=\"_blank\" href=\"http:\/\/adfood.com\/\">adfood.com\/<\/a>\r\n\t\t\t<\/div>\r\n\t\t<\/div>\r\n\t<\/div>\r\n\t\t<div class=\"item\">\r\n\t\t\t\t<div class=\"logo\">\r\n\t\t\t<img decoding=\"async\" src=\"\/\/www.ingenut.es\/en\/wp-content\/uploads\/2016\/07\/Eurobelt-95.png\" data-at2x=\"\/\/www.ingenut.es\/en\/wp-content\/uploads\/2016\/07\/Eurobelt-95.png\" alt=\"\" \/>\r\n\t\t<\/div>\r\n\t\t<div class=\"text\">\r\n\t\t\t<h4>Afher Eurobelt S.A.<\/h4>\r\n\t\t\t<div class=\"desc\">\r\n\t\t\t\tConveyors\t\t\t<\/div>\r\n\t\t\t<div class=\"url\">\r\n\t\t\t\t<a rel=\"nofollow\" target=\"_blank\" href=\"http:\/\/www.eurobelt.com\/\">www.eurobelt.com\/<\/a>\r\n\t\t\t<\/div>\r\n\t\t<\/div>\r\n\t<\/div>\r\n\t\t<div class=\"item\">\r\n\t\t\t\t<div class=\"logo\">\r\n\t\t\t<img decoding=\"async\" src=\"\/\/www.ingenut.es\/en\/wp-content\/uploads\/2016\/07\/aqd-logo-01-e1467825734166.png\" data-at2x=\"\/\/www.ingenut.es\/en\/wp-content\/uploads\/2016\/07\/aqd-logo-01-e1467825734166.png\" alt=\"\" \/>\r\n\t\t<\/div>\r\n\t\t<div class=\"text\">\r\n\t\t\t<h4>AQD Industrial Safety S.L.<\/h4>\r\n\t\t\t<div class=\"desc\">\r\n\t\t\t\tSecurity-oriented Global Services\t\t\t<\/div>\r\n\t\t\t<div class=\"url\">\r\n\t\t\t\t<a rel=\"nofollow\" target=\"_blank\" href=\"http:\/\/www.aqdindustrial.es\/es\/\">www.aqdindustrial.es\/es\/<\/a>\r\n\t\t\t<\/div>\r\n\t\t<\/div>\r\n\t<\/div>\r\n\t\t<div class=\"item\">\r\n\t\t\t\t<div class=\"logo\">\r\n\t\t\t<img decoding=\"async\" src=\"\/\/www.ingenut.es\/en\/wp-content\/uploads\/2016\/07\/Ave-95.png\" data-at2x=\"\/\/www.ingenut.es\/en\/wp-content\/uploads\/2016\/07\/Ave-95.png\" alt=\"\" \/>\r\n\t\t<\/div>\r\n\t\t<div class=\"text\">\r\n\t\t\t<h4>Ave Transmisiones mec\u00e1nicas S.A.<\/h4>\r\n\t\t\t<div class=\"desc\">\r\n\t\t\t\tChains and components for conveyors\t\t\t<\/div>\r\n\t\t\t<div class=\"url\">\r\n\t\t\t\t<a rel=\"nofollow\" target=\"_blank\" href=\"http:\/\/www.ave-chains.com\/\">www.ave-chains.com\/<\/a>\r\n\t\t\t<\/div>\r\n\t\t<\/div>\r\n\t<\/div>\r\n\t\t<div class=\"item\">\r\n\t\t\t\t<div class=\"logo\">\r\n\t\t\t<img decoding=\"async\" src=\"\/\/www.ingenut.es\/en\/wp-content\/uploads\/2016\/07\/Cintasa-95.png\" data-at2x=\"\/\/www.ingenut.es\/en\/wp-content\/uploads\/2016\/07\/Cintasa-95.png\" alt=\"\" \/>\r\n\t\t<\/div>\r\n\t\t<div class=\"text\">\r\n\t\t\t<h4>Cintasa S.A.<\/h4>\r\n\t\t\t<div class=\"desc\">\r\n\t\t\t\tConveyor belts\t\t\t<\/div>\r\n\t\t\t<div class=\"url\">\r\n\t\t\t\t<a rel=\"nofollow\" target=\"_blank\" href=\"http:\/\/www.cintasa.com\/\">www.cintasa.com\/<\/a>\r\n\t\t\t<\/div>\r\n\t\t<\/div>\r\n\t<\/div>\r\n\t\t<div class=\"item\">\r\n\t\t\t\t<div class=\"logo\">\r\n\t\t\t<img decoding=\"async\" src=\"\/\/www.ingenut.es\/en\/wp-content\/uploads\/2016\/07\/Gumo.png\" data-at2x=\"\/\/www.ingenut.es\/en\/wp-content\/uploads\/2016\/07\/Gumo.png\" alt=\"\" \/>\r\n\t\t<\/div>\r\n\t\t<div class=\"text\">\r\n\t\t\t<h4>Construcciones Mec\u00e1nicas Gumo S.A.<\/h4>\r\n\t\t\t<div class=\"desc\">\r\n\t\t\t\tUniversal Conveyor\t\t\t<\/div>\r\n\t\t\t<div class=\"url\">\r\n\t\t\t\t<a rel=\"nofollow\" target=\"_blank\" href=\"http:\/\/www.gumo.net\/\">www.gumo.net\/<\/a>\r\n\t\t\t<\/div>\r\n\t\t<\/div>\r\n\t<\/div>\r\n\t\t<div class=\"item\">\r\n\t\t\t\t<div class=\"logo\">\r\n\t\t\t<img decoding=\"async\" src=\"\/\/www.ingenut.es\/en\/wp-content\/uploads\/2016\/07\/Cadex-95.png\" data-at2x=\"\/\/www.ingenut.es\/en\/wp-content\/uploads\/2016\/07\/Cadex-95.png\" alt=\"\" \/>\r\n\t\t<\/div>\r\n\t\t<div class=\"text\">\r\n\t\t\t<h4>Convex-Technology S.L.<\/h4>\r\n\t\t\t<div class=\"desc\">\r\n\t\t\t\tEquipment maintenance\t\t\t<\/div>\r\n\t\t\t<div class=\"url\">\r\n\t\t\t\t<a rel=\"nofollow\" target=\"_blank\" href=\"http:\/\/cadex-technology.com\/\">cadex-technology.com\/<\/a>\r\n\t\t\t<\/div>\r\n\t\t<\/div>\r\n\t<\/div>\r\n\t\t<div class=\"item\">\r\n\t\t\t\t<div class=\"logo\">\r\n\t\t\t<img decoding=\"async\" src=\"\/\/www.ingenut.es\/en\/wp-content\/uploads\/2016\/09\/Esbelt-logo-95.png\" data-at2x=\"\/\/www.ingenut.es\/en\/wp-content\/uploads\/2016\/09\/Esbelt-logo-95.png\" alt=\"\" \/>\r\n\t\t<\/div>\r\n\t\t<div class=\"text\">\r\n\t\t\t<h4>Esbelt S.A.<\/h4>\r\n\t\t\t<div class=\"desc\">\r\n\t\t\t\tConveyors\t\t\t<\/div>\r\n\t\t\t<div class=\"url\">\r\n\t\t\t\t<a rel=\"nofollow\" target=\"_blank\" href=\"http:\/\/www.esbelt.com\/\">www.esbelt.com\/<\/a>\r\n\t\t\t<\/div>\r\n\t\t<\/div>\r\n\t<\/div>\r\n\t\t<div class=\"item\">\r\n\t\t\t\t<div class=\"logo\">\r\n\t\t\t<img decoding=\"async\" src=\"\/\/www.ingenut.es\/en\/wp-content\/uploads\/2016\/07\/Eurotransis-95.png\" data-at2x=\"\/\/www.ingenut.es\/en\/wp-content\/uploads\/2016\/07\/Eurotransis-95.png\" alt=\"\" \/>\r\n\t\t<\/div>\r\n\t\t<div class=\"text\">\r\n\t\t\t<h4>Europea de Transportadores y Sistemas S.L.<\/h4>\r\n\t\t\t<div class=\"desc\">\r\n\t\t\t\tManufacture of rollers and equipment for handling and palletizing\t\t\t<\/div>\r\n\t\t\t<div class=\"url\">\r\n\t\t\t\t<a rel=\"nofollow\" target=\"_blank\" href=\"http:\/\/eurotransis.com\/\">eurotransis.com\/<\/a>\r\n\t\t\t<\/div>\r\n\t\t<\/div>\r\n\t<\/div>\r\n\t\t<div class=\"item\">\r\n\t\t\t\t<div class=\"logo\">\r\n\t\t\t<img decoding=\"async\" src=\"\/\/www.ingenut.es\/en\/wp-content\/uploads\/2016\/07\/Interrol-95.png\" data-at2x=\"\/\/www.ingenut.es\/en\/wp-content\/uploads\/2016\/07\/Interrol-95.png\" alt=\"\" \/>\r\n\t\t<\/div>\r\n\t\t<div class=\"text\">\r\n\t\t\t<h4>Interroll Espa\u00f1a S.A.<\/h4>\r\n\t\t\t<div class=\"desc\">\r\n\t\t\t\tElements for the handling and storage\t\t\t<\/div>\r\n\t\t\t<div class=\"url\">\r\n\t\t\t\t<a rel=\"nofollow\" target=\"_blank\" href=\"https:\/\/www.interroll.es\/\">www.interroll.es\/<\/a>\r\n\t\t\t<\/div>\r\n\t\t<\/div>\r\n\t<\/div>\r\n\t\t<div class=\"item\">\r\n\t\t\t\t<div class=\"logo\">\r\n\t\t\t<img decoding=\"async\" src=\"\/\/www.ingenut.es\/en\/wp-content\/uploads\/2016\/09\/Lagenfor-logo-95.png\" data-at2x=\"\/\/www.ingenut.es\/en\/wp-content\/uploads\/2016\/09\/Lagenfor-logo-95.png\" alt=\"\" \/>\r\n\t\t<\/div>\r\n\t\t<div class=\"text\">\r\n\t\t\t<h4>Lagenf\u00f6r S.A.<\/h4>\r\n\t\t\t<div class=\"desc\">\r\n\t\t\t\tIndustrial Logistics\t\t\t<\/div>\r\n\t\t\t<div class=\"url\">\r\n\t\t\t\t<a rel=\"nofollow\" target=\"_blank\" href=\"http:\/\/www.lagenfor.com\/home.php\">www.lagenfor.com\/home.php<\/a>\r\n\t\t\t<\/div>\r\n\t\t<\/div>\r\n\t<\/div>\r\n\t\t<div class=\"item\">\r\n\t\t\t\t<div class=\"logo\">\r\n\t\t\t<img decoding=\"async\" src=\"\/\/www.ingenut.es\/en\/wp-content\/uploads\/2016\/07\/marfil-95.png\" data-at2x=\"\/\/www.ingenut.es\/en\/wp-content\/uploads\/2016\/07\/marfil-95.png\" alt=\"\" \/>\r\n\t\t<\/div>\r\n\t\t<div class=\"text\">\r\n\t\t\t<h4>Marfil Paletizadores S.L.<\/h4>\r\n\t\t\t<div class=\"desc\">\r\n\t\t\t\tConstruction and marketing of automatic palletizers\t\t\t<\/div>\r\n\t\t\t<div class=\"url\">\r\n\t\t\t\t<a rel=\"nofollow\" target=\"_blank\" href=\"http:\/\/www.marfilpaletizadores.com\/\">www.marfilpaletizadores.com\/<\/a>\r\n\t\t\t<\/div>\r\n\t\t<\/div>\r\n\t<\/div>\r\n\t\t<div class=\"item\">\r\n\t\t\t\t<div class=\"logo\">\r\n\t\t\t<img decoding=\"async\" src=\"\/\/www.ingenut.es\/en\/wp-content\/uploads\/2016\/07\/meibat-95.png\" data-at2x=\"\/\/www.ingenut.es\/en\/wp-content\/uploads\/2016\/07\/meibat-95.png\" alt=\"\" \/>\r\n\t\t<\/div>\r\n\t\t<div class=\"text\">\r\n\t\t\t<h4>Meibat S. L.<\/h4>\r\n\t\t\t<div class=\"desc\">\r\n\t\t\t\tIndustrial Batteries\t\t\t<\/div>\r\n\t\t\t<div class=\"url\">\r\n\t\t\t\t<a rel=\"nofollow\" target=\"_blank\" href=\"http:\/\/www.meibat.com\/es\/\">www.meibat.com\/es\/<\/a>\r\n\t\t\t<\/div>\r\n\t\t<\/div>\r\n\t<\/div>\r\n\t\t<div class=\"item\">\r\n\t\t\t\t<div class=\"logo\">\r\n\t\t\t<img decoding=\"async\" src=\"\/\/www.ingenut.es\/en\/wp-content\/uploads\/2022\/10\/logo-modula.png\" data-at2x=\"\/\/www.ingenut.es\/en\/wp-content\/uploads\/2022\/10\/logo-modula.png\" alt=\"\" \/>\r\n\t\t<\/div>\r\n\t\t<div class=\"text\">\r\n\t\t\t<h4>MODULA LOG\u00cdSTICA Y ALMACENAJE S.L.<\/h4>\r\n\t\t\t<div class=\"desc\">\r\n\t\t\t\tDesign and manufacture of automated warehouses\t\t\t<\/div>\r\n\t\t\t<div class=\"url\">\r\n\t\t\t\t<a rel=\"nofollow\" target=\"_blank\" href=\"http:\/\/www.meibat.com\/es\/\">www.meibat.com\/es\/<\/a>\r\n\t\t\t<\/div>\r\n\t\t<\/div>\r\n\t<\/div>\r\n\t\t<div class=\"item\">\r\n\t\t\t\t<div class=\"logo\">\r\n\t\t\t<img decoding=\"async\" src=\"\/\/www.ingenut.es\/en\/wp-content\/uploads\/2016\/07\/Roser-95.png\" data-at2x=\"\/\/www.ingenut.es\/en\/wp-content\/uploads\/2016\/07\/Roser-95.png\" alt=\"\" \/>\r\n\t\t<\/div>\r\n\t\t<div class=\"text\">\r\n\t\t\t<h4>Roser S.A.<\/h4>\r\n\t\t\t<div class=\"desc\">\r\n\t\t\t\tMachinery for the food industry\t\t\t<\/div>\r\n\t\t\t<div class=\"url\">\r\n\t\t\t\t<a rel=\"nofollow\" target=\"_blank\" href=\"http:\/\/www.roser.es\/\">www.roser.es\/<\/a>\r\n\t\t\t<\/div>\r\n\t\t<\/div>\r\n\t<\/div>\r\n\t\t<div class=\"item\">\r\n\t\t\t\t<div class=\"logo\">\r\n\t\t\t<img decoding=\"async\" src=\"\/\/www.ingenut.es\/en\/wp-content\/uploads\/2022\/01\/logoo2.png\" data-at2x=\"\/\/www.ingenut.es\/en\/wp-content\/uploads\/2022\/01\/logoo2.png\" alt=\"\" \/>\r\n\t\t<\/div>\r\n\t\t<div class=\"text\">\r\n\t\t\t<h4>SIAT S.P.A.<\/h4>\r\n\t\t\t<div class=\"desc\">\r\n\t\t\t\tEquipment and materials for packing<br \/>\r\n<br \/>\r\n\t\t\t<\/div>\r\n\t\t\t<div class=\"url\">\r\n\t\t\t\t<a rel=\"nofollow\" target=\"_blank\" href=\"https:\/\/www.siat.com\">www.siat.com<\/a>\r\n\t\t\t<\/div>\r\n\t\t<\/div>\r\n\t<\/div>\r\n\t\t<div class=\"item\">\r\n\t\t\t\t<div class=\"logo\">\r\n\t\t\t<img decoding=\"async\" src=\"\/\/www.ingenut.es\/en\/wp-content\/uploads\/2016\/07\/Sinfimasa-95.png\" data-at2x=\"\/\/www.ingenut.es\/en\/wp-content\/uploads\/2016\/07\/Sinfimasa-95.png\" alt=\"\" \/>\r\n\t\t<\/div>\r\n\t\t<div class=\"text\">\r\n\t\t\t<h4>Sinfines y Maquinaria S.A.<\/h4>\r\n\t\t\t<div class=\"desc\">\r\n\t\t\t\tAugers and machinery for transport and lifting\t\t\t<\/div>\r\n\t\t\t<div class=\"url\">\r\n\t\t\t\t<a rel=\"nofollow\" target=\"_blank\" href=\"http:\/\/sinfimasa.com\/\">sinfimasa.com\/<\/a>\r\n\t\t\t<\/div>\r\n\t\t<\/div>\r\n\t<\/div>\r\n\t\t<div class=\"item\">\r\n\t\t\t\t<div class=\"logo\">\r\n\t\t\t<img decoding=\"async\" src=\"\/\/www.ingenut.es\/en\/wp-content\/uploads\/2016\/07\/spanset-95.png\" data-at2x=\"\/\/www.ingenut.es\/en\/wp-content\/uploads\/2016\/07\/spanset-95.png\" alt=\"\" \/>\r\n\t\t<\/div>\r\n\t\t<div class=\"text\">\r\n\t\t\t<h4>Spanset S.A.<\/h4>\r\n\t\t\t<div class=\"desc\">\r\n\t\t\t\tLifting, lashing cargo and personal security at high-altitude works\t\t\t<\/div>\r\n\t\t\t<div class=\"url\">\r\n\t\t\t\t<a rel=\"nofollow\" target=\"_blank\" href=\"http:\/\/www.spanset.es\/\">www.spanset.es\/<\/a>\r\n\t\t\t<\/div>\r\n\t\t<\/div>\r\n\t<\/div>\r\n\t\t<div class=\"item\">\r\n\t\t\t\t<div class=\"logo\">\r\n\t\t\t<img decoding=\"async\" src=\"\/\/www.ingenut.es\/en\/wp-content\/uploads\/2016\/07\/Temic-95.png\" data-at2x=\"\/\/www.ingenut.es\/en\/wp-content\/uploads\/2016\/07\/Temic-95.png\" alt=\"\" \/>\r\n\t\t<\/div>\r\n\t\t<div class=\"text\">\r\n\t\t\t<h4>Tecnolog\u00eda Mec\u00e1nica El\u00e9ctrica S.L.U.<\/h4>\r\n\t\t\t<div class=\"desc\">\r\n\t\t\t\tMachinery and systems for manufacturing processes food industry\t\t\t<\/div>\r\n\t\t\t<div class=\"url\">\r\n\t\t\t\t<a rel=\"nofollow\" target=\"_blank\" href=\"http:\/\/www.temicsl.com\/\">www.temicsl.com\/<\/a>\r\n\t\t\t<\/div>\r\n\t\t<\/div>\r\n\t<\/div>\r\n\t\t<div class=\"item\">\r\n\t\t\t\t<div class=\"logo\">\r\n\t\t\t<img decoding=\"async\" src=\"\/\/www.ingenut.es\/en\/wp-content\/uploads\/2016\/07\/tdf-95.png\" data-at2x=\"\/\/www.ingenut.es\/en\/wp-content\/uploads\/2016\/07\/tdf-95.png\" alt=\"\" \/>\r\n\t\t<\/div>\r\n\t\t<div class=\"text\">\r\n\t\t\t<h4>Tecnolog\u00eda y Distribuci\u00f3n F\u00edsica S.L.<\/h4>\r\n\t\t\t<div class=\"desc\">\r\n\t\t\t\tModular classification\t\t\t<\/div>\r\n\t\t\t<div class=\"url\">\r\n\t\t\t\t<a rel=\"nofollow\" target=\"_blank\" href=\"http:\/\/www.tdfmodular.com\/\">www.tdfmodular.com\/<\/a>\r\n\t\t\t<\/div>\r\n\t\t<\/div>\r\n\t<\/div>\r\n\t\t<div class=\"item\">\r\n\t\t\t\t<div class=\"logo\">\r\n\t\t\t<img decoding=\"async\" src=\"\/\/www.ingenut.es\/en\/wp-content\/uploads\/2016\/07\/TEN-PARUET-95.png\" data-at2x=\"\/\/www.ingenut.es\/en\/wp-content\/uploads\/2016\/07\/TEN-PARUET-95.png\" alt=\"\" \/>\r\n\t\t<\/div>\r\n\t\t<div class=\"text\">\r\n\t\t\t<h4>Ten Parquet S.L.<\/h4>\r\n\t\t\t<div class=\"desc\">\r\n\t\t\t\tParquet, flooring, interior and exterior, stone panel, etc.\t\t\t<\/div>\r\n\t\t\t<div class=\"url\">\r\n\t\t\t\t<a rel=\"nofollow\" target=\"_blank\" href=\"http:\/\/tenparquet.com\/\">tenparquet.com\/<\/a>\r\n\t\t\t<\/div>\r\n\t\t<\/div>\r\n\t<\/div>\r\n\t\t<div class=\"item\">\r\n\t\t\t\t<div class=\"logo\">\r\n\t\t\t<img decoding=\"async\" src=\"\/\/www.ingenut.es\/en\/wp-content\/uploads\/2016\/09\/Textel-logo-95-1.png\" data-at2x=\"\/\/www.ingenut.es\/en\/wp-content\/uploads\/2016\/09\/Textel-logo-95-1.png\" alt=\"\" \/>\r\n\t\t<\/div>\r\n\t\t<div class=\"text\">\r\n\t\t\t<h4>Textel Marim\u00f3n S.A.<\/h4>\r\n\t\t\t<div class=\"desc\">\r\n\t\t\t\tElectronic displays\t\t\t<\/div>\r\n\t\t\t<div class=\"url\">\r\n\t\t\t\t<a rel=\"nofollow\" target=\"_blank\" href=\"http:\/\/www.textel-marimon.com\/es\/home.php\">www.textel-marimon.com\/es\/home.php<\/a>\r\n\t\t\t<\/div>\r\n\t\t<\/div>\r\n\t<\/div>\r\n\t\t<div class=\"item\">\r\n\t\t\t\t<div class=\"logo\">\r\n\t\t\t<img decoding=\"async\" src=\"\/\/www.ingenut.es\/en\/wp-content\/uploads\/2016\/07\/VARPE-95.png\" data-at2x=\"\/\/www.ingenut.es\/en\/wp-content\/uploads\/2016\/07\/VARPE-95.png\" alt=\"\" \/>\r\n\t\t<\/div>\r\n\t\t<div class=\"text\">\r\n\t\t\t<h4>Varpe Control de Peso S.A.<\/h4>\r\n\t\t\t<div class=\"desc\">\r\n\t\t\t\tGlobal solutions in weight control and detection of contaminants\t\t\t<\/div>\r\n\t\t\t<div class=\"url\">\r\n\t\t\t\t<a rel=\"nofollow\" target=\"_blank\" href=\"http:\/\/www.varpe.com\/\">www.varpe.com\/<\/a>\r\n\t\t\t<\/div>\r\n\t\t<\/div>\r\n\t<\/div>\r\n\t\t<div class=\"item\">\r\n\t\t\t\t<div class=\"logo\">\r\n\t\t\t<img decoding=\"async\" src=\"\/\/www.ingenut.es\/en\/wp-content\/uploads\/2016\/07\/vinca-95.png\" data-at2x=\"\/\/www.ingenut.es\/en\/wp-content\/uploads\/2016\/07\/vinca-95.png\" alt=\"\" \/>\r\n\t\t<\/div>\r\n\t\t<div class=\"text\">\r\n\t\t\t<h4>Vinca Equipos Industriales S.A.<\/h4>\r\n\t\t\t<div class=\"desc\">\r\n\t\t\t\tDesign and manufacture of industrial equipment\t\t\t<\/div>\r\n\t\t\t<div class=\"url\">\r\n\t\t\t\t<a rel=\"nofollow\" target=\"_blank\" href=\"http:\/\/www.vinca.es\/\">www.vinca.es\/<\/a>\r\n\t\t\t<\/div>\r\n\t\t<\/div>\r\n\t<\/div>\r\n\t<\/div>\r\n<\/div><\/div>\n\n\t<\/div>\n<\/div>\n\n","protected":false},"excerpt":{"rendered":"<p>DistributionsPartnerships with market-leading brands. Distributions and representations. ADFOOD S.A. Plant design and manufacture of machinery for the food industry adfood.com\/ Afher Eurobelt S.A. Conveyors www.eurobelt.com\/ AQD Industrial Safety S.L. Security-oriented Global Services www.aqdindustrial.es\/es\/ Ave Transmisiones mec\u00e1nicas S.A. Chains and components for conveyors www.ave-chains.com\/ Cintasa S.A. Conveyor belts www.cintasa.com\/ Construcciones Mec\u00e1nicas Gumo S.A. Universal Conveyor www.gumo.net\/ [&hellip;]<\/p>\n","protected":false},"author":1,"featured_media":0,"parent":0,"menu_order":0,"comment_status":"closed","ping_status":"closed","template":"page-template-custom.php","meta":{"footnotes":""},"class_list":["post-195","page","type-page","status-publish","hentry"],"yoast_head":"<!-- This site is optimized with the Yoast SEO plugin v24.9 - https:\/\/yoast.com\/wordpress\/plugins\/seo\/ -->\n<title>Distributions - INGENUT<\/title>\n<meta name=\"description\" content=\"Distributions and representations. We work with quality materials.\" \/>\n<meta name=\"robots\" content=\"index, follow, max-snippet:-1, max-image-preview:large, max-video-preview:-1\" \/>\n<link rel=\"canonical\" href=\"https:\/\/www.ingenut.es\/en\/distributions\/\" \/>\n<meta property=\"og:locale\" content=\"es_ES\" \/>\n<meta property=\"og:type\" content=\"article\" \/>\n<meta property=\"og:title\" content=\"Distributions - INGENUT\" \/>\n<meta property=\"og:description\" content=\"Distributions and representations. We work with quality materials.\" \/>\n<meta property=\"og:url\" content=\"https:\/\/www.ingenut.es\/en\/distributions\/\" \/>\n<meta property=\"og:site_name\" content=\"INGENUT\" \/>\n<meta property=\"article:modified_time\" content=\"2022-10-24T09:55:29+00:00\" \/>\n<meta name=\"twitter:card\" content=\"summary_large_image\" \/>\n<meta name=\"twitter:label1\" content=\"Tiempo de lectura\" \/>\n\t<meta name=\"twitter:data1\" content=\"6 minutos\" \/>\n<script type=\"application\/ld+json\" class=\"yoast-schema-graph\">{\"@context\":\"https:\/\/schema.org\",\"@graph\":[{\"@type\":\"WebPage\",\"@id\":\"https:\/\/www.ingenut.es\/en\/distributions\/\",\"url\":\"https:\/\/www.ingenut.es\/en\/distributions\/\",\"name\":\"Distributions - INGENUT\",\"isPartOf\":{\"@id\":\"https:\/\/www.ingenut.es\/en\/#website\"},\"datePublished\":\"2016-07-05T21:41:18+00:00\",\"dateModified\":\"2022-10-24T09:55:29+00:00\",\"description\":\"Distributions and representations. We work with quality materials.\",\"breadcrumb\":{\"@id\":\"https:\/\/www.ingenut.es\/en\/distributions\/#breadcrumb\"},\"inLanguage\":\"es\",\"potentialAction\":[{\"@type\":\"ReadAction\",\"target\":[\"https:\/\/www.ingenut.es\/en\/distributions\/\"]}]},{\"@type\":\"BreadcrumbList\",\"@id\":\"https:\/\/www.ingenut.es\/en\/distributions\/#breadcrumb\",\"itemListElement\":[{\"@type\":\"ListItem\",\"position\":1,\"name\":\"Portada\",\"item\":\"https:\/\/www.ingenut.es\/en\/\"},{\"@type\":\"ListItem\",\"position\":2,\"name\":\"Distributions\"}]},{\"@type\":\"WebSite\",\"@id\":\"https:\/\/www.ingenut.es\/en\/#website\",\"url\":\"https:\/\/www.ingenut.es\/en\/\",\"name\":\"INGENUT\",\"description\":\"Industrial Engineering Company in Tenerife and the Canaries.\",\"potentialAction\":[{\"@type\":\"SearchAction\",\"target\":{\"@type\":\"EntryPoint\",\"urlTemplate\":\"https:\/\/www.ingenut.es\/en\/?s={search_term_string}\"},\"query-input\":{\"@type\":\"PropertyValueSpecification\",\"valueRequired\":true,\"valueName\":\"search_term_string\"}}],\"inLanguage\":\"es\"}]}<\/script>\n<!-- \/ Yoast SEO plugin. -->","yoast_head_json":{"title":"Distributions - INGENUT","description":"Distributions and representations. We work with quality materials.","robots":{"index":"index","follow":"follow","max-snippet":"max-snippet:-1","max-image-preview":"max-image-preview:large","max-video-preview":"max-video-preview:-1"},"canonical":"https:\/\/www.ingenut.es\/en\/distributions\/","og_locale":"es_ES","og_type":"article","og_title":"Distributions - INGENUT","og_description":"Distributions and representations. We work with quality materials.","og_url":"https:\/\/www.ingenut.es\/en\/distributions\/","og_site_name":"INGENUT","article_modified_time":"2022-10-24T09:55:29+00:00","twitter_card":"summary_large_image","twitter_misc":{"Tiempo de lectura":"6 minutos"},"schema":{"@context":"https:\/\/schema.org","@graph":[{"@type":"WebPage","@id":"https:\/\/www.ingenut.es\/en\/distributions\/","url":"https:\/\/www.ingenut.es\/en\/distributions\/","name":"Distributions - INGENUT","isPartOf":{"@id":"https:\/\/www.ingenut.es\/en\/#website"},"datePublished":"2016-07-05T21:41:18+00:00","dateModified":"2022-10-24T09:55:29+00:00","description":"Distributions and representations. We work with quality materials.","breadcrumb":{"@id":"https:\/\/www.ingenut.es\/en\/distributions\/#breadcrumb"},"inLanguage":"es","potentialAction":[{"@type":"ReadAction","target":["https:\/\/www.ingenut.es\/en\/distributions\/"]}]},{"@type":"BreadcrumbList","@id":"https:\/\/www.ingenut.es\/en\/distributions\/#breadcrumb","itemListElement":[{"@type":"ListItem","position":1,"name":"Portada","item":"https:\/\/www.ingenut.es\/en\/"},{"@type":"ListItem","position":2,"name":"Distributions"}]},{"@type":"WebSite","@id":"https:\/\/www.ingenut.es\/en\/#website","url":"https:\/\/www.ingenut.es\/en\/","name":"INGENUT","description":"Industrial Engineering Company in Tenerife and the Canaries.","potentialAction":[{"@type":"SearchAction","target":{"@type":"EntryPoint","urlTemplate":"https:\/\/www.ingenut.es\/en\/?s={search_term_string}"},"query-input":{"@type":"PropertyValueSpecification","valueRequired":true,"valueName":"search_term_string"}}],"inLanguage":"es"}]}},"_links":{"self":[{"href":"https:\/\/www.ingenut.es\/en\/wp-json\/wp\/v2\/pages\/195","targetHints":{"allow":["GET"]}}],"collection":[{"href":"https:\/\/www.ingenut.es\/en\/wp-json\/wp\/v2\/pages"}],"about":[{"href":"https:\/\/www.ingenut.es\/en\/wp-json\/wp\/v2\/types\/page"}],"author":[{"embeddable":true,"href":"https:\/\/www.ingenut.es\/en\/wp-json\/wp\/v2\/users\/1"}],"replies":[{"embeddable":true,"href":"https:\/\/www.ingenut.es\/en\/wp-json\/wp\/v2\/comments?post=195"}],"version-history":[{"count":5,"href":"https:\/\/www.ingenut.es\/en\/wp-json\/wp\/v2\/pages\/195\/revisions"}],"predecessor-version":[{"id":2488,"href":"https:\/\/www.ingenut.es\/en\/wp-json\/wp\/v2\/pages\/195\/revisions\/2488"}],"wp:attachment":[{"href":"https:\/\/www.ingenut.es\/en\/wp-json\/wp\/v2\/media?parent=195"}],"curies":[{"name":"wp","href":"https:\/\/api.w.org\/{rel}","templated":true}]}}